{"id":5612,"date":"2026-02-27T16:54:07","date_gmt":"2026-02-27T15:54:07","guid":{"rendered":"https:\/\/www.otha.fr\/?post_type=product&#038;p=5612"},"modified":"2026-03-24T18:15:50","modified_gmt":"2026-03-24T17:15:50","slug":"chaussettes-aero-race","status":"publish","type":"product","link":"https:\/\/www.otha.fr\/en\/product\/chaussettes-aero-race\/","title":{"rendered":"CHAUSSETTES A\u00c9RO &#8211; RACE"},"content":{"rendered":"<p style=\"text-align: center;\" data-start=\"883\" data-end=\"923\"><strong data-start=\"883\" data-end=\"923\">A\u00e9rodynamisme et efficacit\u00e9 maximale<\/strong><\/p>\n<p style=\"text-align: center;\" data-start=\"925\" data-end=\"1312\">Les chaussettes Race Aero sont d\u00e9velopp\u00e9es pour la performance et l\u2019efficacit\u00e9 a\u00e9rodynamique.<br data-start=\"1018\" data-end=\"1021\" \/>Le pied en maille technique assure respirabilit\u00e9, maintien et confort sur toutes les distances.<br data-start=\"1116\" data-end=\"1119\" \/>La tige utilise un tissu a\u00e9rodynamique structur\u00e9 con\u00e7u pour optimiser le flux d\u2019air \u00e0 haute vitesse.<br data-start=\"1219\" data-end=\"1222\" \/>Un mod\u00e8le technique et performant, id\u00e9al pour le cyclisme, ou le triathlon en comp\u00e9tition.<\/p>","protected":false},"excerpt":{"rendered":"<p><a href=\"https:\/\/www.otha.fr\/wp-content\/uploads\/2026\/02\/Race.png\"><img decoding=\"async\" class=\"wp-image-5626 alignnone\" src=\"https:\/\/www.otha.fr\/wp-content\/uploads\/2026\/02\/Race.png\" alt=\"\" width=\"140\" height=\"31\" srcset=\"https:\/\/www.otha.fr\/wp-content\/uploads\/2026\/02\/Race.png 279w, https:\/\/www.otha.fr\/wp-content\/uploads\/2026\/02\/Race-18x4.png 18w\" sizes=\"(max-width: 140px) 100vw, 140px\" \/><\/a><\/p>\n<p>Chaussette a\u00e9rodynamique con\u00e7ue pour le cyclisme, combinant pied technique respirant et tige optimis\u00e9e pour r\u00e9duire la tra\u00een\u00e9e et am\u00e9liorer l\u2019efficacit\u00e9 \u00e0 haute vitesse.<\/p>\n<p>&nbsp;<\/p>","protected":false},"featured_media":5636,"comment_status":"open","ping_status":"closed","template":"","meta":{"_acf_changed":false},"product_brand":[],"product_cat":[50],"product_tag":[52],"class_list":{"0":"post-5612","1":"product","2":"type-product","3":"status-publish","4":"has-post-thumbnail","6":"product_cat-chaussettes","7":"product_tag-personnalisable","8":"otha-is-customizable","10":"first","11":"instock","12":"taxable","13":"shipping-taxable","14":"purchasable","15":"product-type-variable"},"acf":[],"_links":{"self":[{"href":"https:\/\/www.otha.fr\/en\/wp-json\/wp\/v2\/product\/5612","targetHints":{"allow":["GET"]}}],"collection":[{"href":"https:\/\/www.otha.fr\/en\/wp-json\/wp\/v2\/product"}],"about":[{"href":"https:\/\/www.otha.fr\/en\/wp-json\/wp\/v2\/types\/product"}],"replies":[{"embeddable":true,"href":"https:\/\/www.otha.fr\/en\/wp-json\/wp\/v2\/comments?post=5612"}],"version-history":[{"count":4,"href":"https:\/\/www.otha.fr\/en\/wp-json\/wp\/v2\/product\/5612\/revisions"}],"predecessor-version":[{"id":5990,"href":"https:\/\/www.otha.fr\/en\/wp-json\/wp\/v2\/product\/5612\/revisions\/5990"}],"wp:featuredmedia":[{"embeddable":true,"href":"https:\/\/www.otha.fr\/en\/wp-json\/wp\/v2\/media\/5636"}],"wp:attachment":[{"href":"https:\/\/www.otha.fr\/en\/wp-json\/wp\/v2\/media?parent=5612"}],"wp:term":[{"taxonomy":"product_brand","embeddable":true,"href":"https:\/\/www.otha.fr\/en\/wp-json\/wp\/v2\/product_brand?post=5612"},{"taxonomy":"product_cat","embeddable":true,"href":"https:\/\/www.otha.fr\/en\/wp-json\/wp\/v2\/product_cat?post=5612"},{"taxonomy":"product_tag","embeddable":true,"href":"https:\/\/www.otha.fr\/en\/wp-json\/wp\/v2\/product_tag?post=5612"}],"curies":[{"name":"wp","href":"https:\/\/api.w.org\/{rel}","templated":true}]}}