{"id":4023,"date":"2025-11-06T17:58:15","date_gmt":"2025-11-06T16:58:15","guid":{"rendered":"https:\/\/www.otha.fr\/?post_type=product&#038;p=4023"},"modified":"2026-04-16T13:21:15","modified_gmt":"2026-04-16T11:21:15","slug":"sous-maillot-skin","status":"publish","type":"product","link":"https:\/\/www.otha.fr\/en\/product\/sous-maillot-skin\/","title":{"rendered":"SOUS-MAILLOT TECHNIQUE \u2013 SKIN"},"content":{"rendered":"<div style=\"display: flex; flex-wrap: wrap; gap: 40px; align-items: flex-start; justify-content: space-between;\">\n<p><!-- Colonne de gauche : description --><\/p>\n<div style=\"flex: 1; min-width: 280px;\">\n<p style=\"text-align: center;\" data-start=\"579\" data-end=\"630\"><strong data-start=\"584\" data-end=\"628\">Respirabilit\u00e9 et confort en toute saison<\/strong><\/p>\n<p style=\"text-align: center;\" data-start=\"579\" data-end=\"630\">Le sous-maillot SKIN\u00a0est con\u00e7u pour \u00eatre la premi\u00e8re couche id\u00e9ale sous un maillot ou une veste.<\/p>\n<p style=\"text-align: center;\" data-start=\"631\" data-end=\"1162\">Sa construction l\u00e9g\u00e8re et respirante permet de maintenir une temp\u00e9rature corporelle stable, aussi bien lors des fortes chaleurs que lors des variations d\u2019intensit\u00e9.<\/p>\n<p style=\"text-align: center;\" data-start=\"631\" data-end=\"1162\">Mais le <strong>SKIN<\/strong> ne se limite pas aux conditions estivales.<br data-start=\"1300\" data-end=\"1303\" \/>Utilis\u00e9 en premi\u00e8re couche sous une tenue hivernale, il contribue \u00e0 r\u00e9guler la temp\u00e9rature corporelle en \u00e9vacuant efficacement l\u2019humidit\u00e9, \u00e9vitant ainsi les sensations de froid li\u00e9es \u00e0 la transpiration.<\/p>\n<\/div>\n<\/div>","protected":false},"excerpt":{"rendered":"<p><a href=\"https:\/\/www.otha.fr\/wp-content\/uploads\/2025\/11\/Skin-black.png\"><img decoding=\"async\" class=\"alignnone wp-image-4025\" src=\"https:\/\/www.otha.fr\/wp-content\/uploads\/2025\/11\/Skin-black.png\" alt=\"\" width=\"140\" height=\"29\" srcset=\"https:\/\/www.otha.fr\/wp-content\/uploads\/2025\/11\/Skin-black.png 262w, https:\/\/www.otha.fr\/wp-content\/uploads\/2025\/11\/Skin-black-18x4.png 18w\" sizes=\"(max-width: 140px) 100vw, 140px\" \/><\/a><\/p>\n<p>Sous-maillot ultra l\u00e9ger con\u00e7u pour optimiser la gestion de la transpiration et du confort.<br data-start=\"342\" data-end=\"345\" \/>Respirant et discret, il agit comme une seconde peau pour accompagner chaque sortie.<\/p>","protected":false},"featured_media":6140,"comment_status":"open","ping_status":"closed","template":"","meta":{"_acf_changed":false},"product_brand":[],"product_cat":[47,42],"product_tag":[52],"class_list":{"0":"post-4023","1":"product","2":"type-product","3":"status-publish","4":"has-post-thumbnail","6":"product_cat-cyclisme","7":"product_cat-maillots","8":"product_tag-personnalisable","9":"otha-is-customizable","11":"first","12":"instock","13":"taxable","14":"shipping-taxable","15":"purchasable","16":"product-type-variable","17":"has-default-attributes"},"acf":[],"_links":{"self":[{"href":"https:\/\/www.otha.fr\/en\/wp-json\/wp\/v2\/product\/4023","targetHints":{"allow":["GET"]}}],"collection":[{"href":"https:\/\/www.otha.fr\/en\/wp-json\/wp\/v2\/product"}],"about":[{"href":"https:\/\/www.otha.fr\/en\/wp-json\/wp\/v2\/types\/product"}],"replies":[{"embeddable":true,"href":"https:\/\/www.otha.fr\/en\/wp-json\/wp\/v2\/comments?post=4023"}],"version-history":[{"count":7,"href":"https:\/\/www.otha.fr\/en\/wp-json\/wp\/v2\/product\/4023\/revisions"}],"predecessor-version":[{"id":6448,"href":"https:\/\/www.otha.fr\/en\/wp-json\/wp\/v2\/product\/4023\/revisions\/6448"}],"wp:featuredmedia":[{"embeddable":true,"href":"https:\/\/www.otha.fr\/en\/wp-json\/wp\/v2\/media\/6140"}],"wp:attachment":[{"href":"https:\/\/www.otha.fr\/en\/wp-json\/wp\/v2\/media?parent=4023"}],"wp:term":[{"taxonomy":"product_brand","embeddable":true,"href":"https:\/\/www.otha.fr\/en\/wp-json\/wp\/v2\/product_brand?post=4023"},{"taxonomy":"product_cat","embeddable":true,"href":"https:\/\/www.otha.fr\/en\/wp-json\/wp\/v2\/product_cat?post=4023"},{"taxonomy":"product_tag","embeddable":true,"href":"https:\/\/www.otha.fr\/en\/wp-json\/wp\/v2\/product_tag?post=4023"}],"curies":[{"name":"wp","href":"https:\/\/api.w.org\/{rel}","templated":true}]}}