{"id":3997,"date":"2025-11-06T16:14:33","date_gmt":"2025-11-06T15:14:33","guid":{"rendered":"https:\/\/www.otha.fr\/?post_type=product&#038;p=3997"},"modified":"2026-04-16T14:59:28","modified_gmt":"2026-04-16T12:59:28","slug":"gilet-coupe-vent-zephyr","status":"publish","type":"product","link":"https:\/\/www.otha.fr\/en\/product\/gilet-coupe-vent-zephyr\/","title":{"rendered":"GILET COUPE-VENT \u2013 ZEPHYR"},"content":{"rendered":"<p style=\"text-align: center;\"><strong>L\u2019\u00e9quilibre entre protection et respirabilit\u00e9 <\/strong><\/p>\n<p style=\"text-align: center;\">Le gilet <strong>ZEPHYR<\/strong> a \u00e9t\u00e9 con\u00e7ue pour offrir une protection efficace contre le vent tout en conservant une excellente respirabilit\u00e9.<\/p>\n<p style=\"text-align: center;\">Contrairement \u00e0 un gilet coupe-vent classique, sa construction hybride combine un tissu protecteur \u00e0 l\u2019avant avec des zones plus respirantes \u00e0 l\u2019arri\u00e8re et sur les c\u00f4t\u00e9s, permettant d\u2019\u00e9vacuer la chaleur et l\u2019humidit\u00e9 pendant l\u2019effort.<\/p>\n<p style=\"text-align: center;\">Son design int\u00e8gre des poches arri\u00e8re fonctionnelles, permettant de conserver la praticit\u00e9 d\u2019un maillot tout en b\u00e9n\u00e9ficiant d\u2019une protection suppl\u00e9mentaire.<\/p>\n<p style=\"text-align: center;\">Plus structur\u00e9e qu\u2019un gilet ultra l\u00e9ger, mais plus respirant qu\u2019un gilet mi-saison, le <strong>ZEPHYR<\/strong> s\u2019adapte parfaitement aux sorties en conditions changeantes.<\/p>","protected":false},"excerpt":{"rendered":"<p><a href=\"https:\/\/www.otha.fr\/wp-content\/uploads\/2025\/11\/Zephyr-black.png\"><img decoding=\"async\" class=\"alignnone wp-image-3999\" src=\"https:\/\/www.otha.fr\/wp-content\/uploads\/2025\/11\/Zephyr-black.png\" alt=\"\" width=\"140\" height=\"25\" srcset=\"https:\/\/www.otha.fr\/wp-content\/uploads\/2025\/11\/Zephyr-black.png 280w, https:\/\/www.otha.fr\/wp-content\/uploads\/2025\/11\/Zephyr-black-18x3.png 18w\" sizes=\"(max-width: 140px) 100vw, 140px\" \/><\/a><\/p>\n<p data-start=\"293\" data-end=\"458\">Gilet coupe-vent l\u00e9ger con\u00e7ue pour prot\u00e9ger du vent tout en restant respirante.<br data-start=\"373\" data-end=\"376\" \/>Polyvalente et fonctionnelle, il accompagne les sorties en conditions variables.<\/p>","protected":false},"featured_media":6243,"comment_status":"open","ping_status":"closed","template":"","meta":{"_acf_changed":false},"product_brand":[],"product_cat":[47,75],"product_tag":[52],"class_list":{"0":"post-3997","1":"product","2":"type-product","3":"status-publish","4":"has-post-thumbnail","6":"product_cat-cyclisme","7":"product_cat-gilets","8":"product_tag-personnalisable","9":"otha-is-customizable","11":"first","12":"instock","13":"taxable","14":"shipping-taxable","15":"purchasable","16":"product-type-variable"},"acf":[],"_links":{"self":[{"href":"https:\/\/www.otha.fr\/en\/wp-json\/wp\/v2\/product\/3997","targetHints":{"allow":["GET"]}}],"collection":[{"href":"https:\/\/www.otha.fr\/en\/wp-json\/wp\/v2\/product"}],"about":[{"href":"https:\/\/www.otha.fr\/en\/wp-json\/wp\/v2\/types\/product"}],"replies":[{"embeddable":true,"href":"https:\/\/www.otha.fr\/en\/wp-json\/wp\/v2\/comments?post=3997"}],"version-history":[{"count":11,"href":"https:\/\/www.otha.fr\/en\/wp-json\/wp\/v2\/product\/3997\/revisions"}],"predecessor-version":[{"id":6431,"href":"https:\/\/www.otha.fr\/en\/wp-json\/wp\/v2\/product\/3997\/revisions\/6431"}],"wp:featuredmedia":[{"embeddable":true,"href":"https:\/\/www.otha.fr\/en\/wp-json\/wp\/v2\/media\/6243"}],"wp:attachment":[{"href":"https:\/\/www.otha.fr\/en\/wp-json\/wp\/v2\/media?parent=3997"}],"wp:term":[{"taxonomy":"product_brand","embeddable":true,"href":"https:\/\/www.otha.fr\/en\/wp-json\/wp\/v2\/product_brand?post=3997"},{"taxonomy":"product_cat","embeddable":true,"href":"https:\/\/www.otha.fr\/en\/wp-json\/wp\/v2\/product_cat?post=3997"},{"taxonomy":"product_tag","embeddable":true,"href":"https:\/\/www.otha.fr\/en\/wp-json\/wp\/v2\/product_tag?post=3997"}],"curies":[{"name":"wp","href":"https:\/\/api.w.org\/{rel}","templated":true}]}}