{"id":3992,"date":"2025-11-06T16:07:40","date_gmt":"2025-11-06T15:07:40","guid":{"rendered":"https:\/\/www.otha.fr\/?post_type=product&#038;p=3992"},"modified":"2026-04-16T13:00:44","modified_gmt":"2026-04-16T11:00:44","slug":"veste-hiver-optiwarm","status":"publish","type":"product","link":"https:\/\/www.otha.fr\/en\/product\/veste-hiver-optiwarm\/","title":{"rendered":"VESTE HIVER &#8211; OPTIWARM"},"content":{"rendered":"<div style=\"display: flex; flex-wrap: wrap; gap: 40px; align-items: flex-start; justify-content: space-between;\">\n<p><!-- Colonne de gauche : description --><\/p>\n<div style=\"flex: 1; min-width: 280px;\">\n<p style=\"text-align: center;\" data-start=\"501\" data-end=\"546\"><strong data-start=\"501\" data-end=\"546\">Rouler quand les temp\u00e9ratures chutent<\/strong><\/p>\n<p style=\"text-align: center;\" data-start=\"449\" data-end=\"555\">La veste <strong>OPTIWARM<\/strong> a \u00e9t\u00e9 con\u00e7ue pour les sorties hivernales o\u00f9 protection et confort deviennent essentiels.<\/p>\n<p style=\"text-align: center;\" data-start=\"557\" data-end=\"854\">Son tissu thermique \u00e9pais assure une isolation efficace contre le froid tout en offrant une bonne protection face au vent.<br data-start=\"679\" data-end=\"682\" \/>Sa structure permet de conserver la chaleur corporelle tout en \u00e9vacuant l\u2019humidit\u00e9 g\u00e9n\u00e9r\u00e9e pendant l\u2019effort, \u00e9vitant ainsi les sensations de froid li\u00e9es \u00e0 la transpiration.<\/p>\n<p style=\"text-align: center;\" data-start=\"856\" data-end=\"1001\">Sa coupe ajust\u00e9e garantit un maintien optimal en position, tandis que les mat\u00e9riaux utilis\u00e9s apportent stabilit\u00e9 et durabilit\u00e9.<\/p>\n<p style=\"text-align: center;\" data-start=\"1003\" data-end=\"1149\">Pens\u00e9e pour les conditions froides et, l\u2019<strong>OPTIWARM<\/strong> permet de continuer \u00e0 rouler efficacement lorsque les temp\u00e9ratures baissent.<\/p>\n<\/div>\n<\/div>","protected":false},"excerpt":{"rendered":"<p><a href=\"https:\/\/www.otha.fr\/wp-content\/uploads\/2025\/11\/Fichier-5@4x-10023.png\"><img decoding=\"async\" class=\"alignnone wp-image-3993\" src=\"https:\/\/www.otha.fr\/wp-content\/uploads\/2025\/11\/Fichier-5@4x-10023.png\" alt=\"\" width=\"140\" height=\"23\" srcset=\"https:\/\/www.otha.fr\/wp-content\/uploads\/2025\/11\/Fichier-5@4x-10023.png 1204w, https:\/\/www.otha.fr\/wp-content\/uploads\/2025\/11\/Fichier-5@4x-10023-300x49.png 300w, https:\/\/www.otha.fr\/wp-content\/uploads\/2025\/11\/Fichier-5@4x-10023-1024x166.png 1024w, https:\/\/www.otha.fr\/wp-content\/uploads\/2025\/11\/Fichier-5@4x-10023-768x124.png 768w, https:\/\/www.otha.fr\/wp-content\/uploads\/2025\/11\/Fichier-5@4x-10023-18x3.png 18w, https:\/\/www.otha.fr\/wp-content\/uploads\/2025\/11\/Fichier-5@4x-10023-750x121.png 750w\" sizes=\"(max-width: 140px) 100vw, 140px\" \/><\/a><\/p>\n<p data-start=\"281\" data-end=\"458\">Veste thermique con\u00e7ue pour affronter les conditions froides avec confort et stabilit\u00e9.<br data-start=\"258\" data-end=\"261\" \/>Isolante, protectrice et respirante, elle accompagne les sorties hivernales sans compromis.<\/p>","protected":false},"featured_media":6182,"comment_status":"open","ping_status":"closed","template":"","meta":{"_acf_changed":false},"product_brand":[],"product_cat":[47,44],"product_tag":[52],"class_list":{"0":"post-3992","1":"product","2":"type-product","3":"status-publish","4":"has-post-thumbnail","6":"product_cat-cyclisme","7":"product_cat-vestes","8":"product_tag-personnalisable","9":"otha-is-customizable","11":"first","12":"instock","13":"taxable","14":"shipping-taxable","15":"purchasable","16":"product-type-variable"},"acf":[],"_links":{"self":[{"href":"https:\/\/www.otha.fr\/en\/wp-json\/wp\/v2\/product\/3992","targetHints":{"allow":["GET"]}}],"collection":[{"href":"https:\/\/www.otha.fr\/en\/wp-json\/wp\/v2\/product"}],"about":[{"href":"https:\/\/www.otha.fr\/en\/wp-json\/wp\/v2\/types\/product"}],"replies":[{"embeddable":true,"href":"https:\/\/www.otha.fr\/en\/wp-json\/wp\/v2\/comments?post=3992"}],"version-history":[{"count":8,"href":"https:\/\/www.otha.fr\/en\/wp-json\/wp\/v2\/product\/3992\/revisions"}],"predecessor-version":[{"id":6423,"href":"https:\/\/www.otha.fr\/en\/wp-json\/wp\/v2\/product\/3992\/revisions\/6423"}],"wp:featuredmedia":[{"embeddable":true,"href":"https:\/\/www.otha.fr\/en\/wp-json\/wp\/v2\/media\/6182"}],"wp:attachment":[{"href":"https:\/\/www.otha.fr\/en\/wp-json\/wp\/v2\/media?parent=3992"}],"wp:term":[{"taxonomy":"product_brand","embeddable":true,"href":"https:\/\/www.otha.fr\/en\/wp-json\/wp\/v2\/product_brand?post=3992"},{"taxonomy":"product_cat","embeddable":true,"href":"https:\/\/www.otha.fr\/en\/wp-json\/wp\/v2\/product_cat?post=3992"},{"taxonomy":"product_tag","embeddable":true,"href":"https:\/\/www.otha.fr\/en\/wp-json\/wp\/v2\/product_tag?post=3992"}],"curies":[{"name":"wp","href":"https:\/\/api.w.org\/{rel}","templated":true}]}}