{"id":3988,"date":"2025-11-06T16:00:00","date_gmt":"2025-11-06T15:00:00","guid":{"rendered":"https:\/\/www.otha.fr\/?post_type=product&#038;p=3988"},"modified":"2026-04-16T14:55:18","modified_gmt":"2026-04-16T12:55:18","slug":"veste-misaison-flex","status":"publish","type":"product","link":"https:\/\/www.otha.fr\/en\/product\/veste-misaison-flex\/","title":{"rendered":"VESTE MI-SAISON &#8211; FLEX"},"content":{"rendered":"<div style=\"display: flex; flex-wrap: wrap; gap: 40px; align-items: flex-start; justify-content: space-between;\">\n<p><!-- Colonne de gauche : description --><\/p>\n<div style=\"flex: 1; min-width: 280px;\">\n<p style=\"text-align: center;\" data-start=\"471\" data-end=\"515\"><strong data-start=\"471\" data-end=\"515\">S\u2019adapter aux conditions, sans compromis<\/strong><\/p>\n<p style=\"text-align: center;\" data-start=\"517\" data-end=\"637\">La veste <strong>FLEX<\/strong> a \u00e9t\u00e9 con\u00e7ue pour offrir une solution fiable et polyvalente lors des sorties en conditions interm\u00e9diaires.<\/p>\n<p style=\"text-align: center;\" data-start=\"639\" data-end=\"958\">Son tissu principal structur\u00e9 apporte une protection efficace contre le vent et les temp\u00e9ratures fra\u00eeches, tout en conservant une bonne respirabilit\u00e9 pour accompagner l\u2019effort.<br data-start=\"815\" data-end=\"818\" \/>Les empi\u00e8cements lat\u00e9raux plus l\u00e9gers permettent d\u2019\u00e9vacuer la chaleur et d\u2019\u00e9viter toute sensation de surchauffe lors des phases d\u2019intensit\u00e9.<\/p>\n<p style=\"text-align: center;\" data-start=\"960\" data-end=\"1135\">Sa coupe ajust\u00e9e assure un bon maintien en position v\u00e9lo, tandis que les mat\u00e9riaux utilis\u00e9s garantissent un \u00e9quilibre pr\u00e9cis entre protection, confort et libert\u00e9 de mouvement.<\/p>\n<p style=\"text-align: center;\" data-start=\"1137\" data-end=\"1273\">Pens\u00e9e pour les transitions saisonni\u00e8res, la <strong>FLEX<\/strong> s\u2019adapte aux variations de conditions sans n\u00e9cessiter de compromis sur la performance.<\/p>\n<\/div>\n<\/div>","protected":false},"excerpt":{"rendered":"<p><a href=\"https:\/\/www.otha.fr\/wp-content\/uploads\/2025\/11\/Fichier-8@4x-10023.png\"><img decoding=\"async\" class=\"alignnone wp-image-3995\" src=\"https:\/\/www.otha.fr\/wp-content\/uploads\/2025\/11\/Fichier-8@4x-10023.png\" alt=\"\" width=\"140\" height=\"29\" srcset=\"https:\/\/www.otha.fr\/wp-content\/uploads\/2025\/11\/Fichier-8@4x-10023.png 1119w, https:\/\/www.otha.fr\/wp-content\/uploads\/2025\/11\/Fichier-8@4x-10023-300x62.png 300w, https:\/\/www.otha.fr\/wp-content\/uploads\/2025\/11\/Fichier-8@4x-10023-1024x212.png 1024w, https:\/\/www.otha.fr\/wp-content\/uploads\/2025\/11\/Fichier-8@4x-10023-768x159.png 768w, https:\/\/www.otha.fr\/wp-content\/uploads\/2025\/11\/Fichier-8@4x-10023-18x4.png 18w, https:\/\/www.otha.fr\/wp-content\/uploads\/2025\/11\/Fichier-8@4x-10023-750x155.png 750w\" sizes=\"(max-width: 140px) 100vw, 140px\" \/><\/a><\/p>\n<p data-start=\"268\" data-end=\"432\">Veste mi-saison con\u00e7ue pour s\u2019adapter aux variations de temp\u00e9rature.<br data-start=\"336\" data-end=\"339\" \/>Protectrice, respirante et polyvalente, elle accompagne tes sorties du printemps \u00e0 l\u2019automne.<\/p>","protected":false},"featured_media":6157,"comment_status":"open","ping_status":"closed","template":"","meta":{"_acf_changed":false},"product_brand":[],"product_cat":[47,44],"product_tag":[52],"class_list":{"0":"post-3988","1":"product","2":"type-product","3":"status-publish","4":"has-post-thumbnail","6":"product_cat-cyclisme","7":"product_cat-vestes","8":"product_tag-personnalisable","9":"otha-is-customizable","11":"first","12":"instock","13":"taxable","14":"shipping-taxable","15":"purchasable","16":"product-type-variable","17":"has-default-attributes"},"acf":[],"_links":{"self":[{"href":"https:\/\/www.otha.fr\/en\/wp-json\/wp\/v2\/product\/3988","targetHints":{"allow":["GET"]}}],"collection":[{"href":"https:\/\/www.otha.fr\/en\/wp-json\/wp\/v2\/product"}],"about":[{"href":"https:\/\/www.otha.fr\/en\/wp-json\/wp\/v2\/types\/product"}],"replies":[{"embeddable":true,"href":"https:\/\/www.otha.fr\/en\/wp-json\/wp\/v2\/comments?post=3988"}],"version-history":[{"count":9,"href":"https:\/\/www.otha.fr\/en\/wp-json\/wp\/v2\/product\/3988\/revisions"}],"predecessor-version":[{"id":6417,"href":"https:\/\/www.otha.fr\/en\/wp-json\/wp\/v2\/product\/3988\/revisions\/6417"}],"wp:featuredmedia":[{"embeddable":true,"href":"https:\/\/www.otha.fr\/en\/wp-json\/wp\/v2\/media\/6157"}],"wp:attachment":[{"href":"https:\/\/www.otha.fr\/en\/wp-json\/wp\/v2\/media?parent=3988"}],"wp:term":[{"taxonomy":"product_brand","embeddable":true,"href":"https:\/\/www.otha.fr\/en\/wp-json\/wp\/v2\/product_brand?post=3988"},{"taxonomy":"product_cat","embeddable":true,"href":"https:\/\/www.otha.fr\/en\/wp-json\/wp\/v2\/product_cat?post=3988"},{"taxonomy":"product_tag","embeddable":true,"href":"https:\/\/www.otha.fr\/en\/wp-json\/wp\/v2\/product_tag?post=3988"}],"curies":[{"name":"wp","href":"https:\/\/api.w.org\/{rel}","templated":true}]}}