{"id":3982,"date":"2025-11-06T15:33:45","date_gmt":"2025-11-06T14:33:45","guid":{"rendered":"https:\/\/www.otha.fr\/?post_type=product&#038;p=3982"},"modified":"2026-04-16T14:51:33","modified_gmt":"2026-04-16T12:51:33","slug":"maillot-court-endurance-hydrorush","status":"publish","type":"product","link":"https:\/\/www.otha.fr\/en\/product\/maillot-court-endurance-hydrorush\/","title":{"rendered":"MAILLOT COURT ENDURANCE \u2013 HYDRORUSH"},"content":{"rendered":"<div style=\"display: flex; flex-wrap: wrap; gap: 40px; align-items: flex-start; justify-content: space-between;\">\n<p><!-- Colonne de gauche : description --><\/p>\n<div style=\"flex: 1; min-width: 280px;\">\n<p style=\"text-align: center;\" data-start=\"303\" data-end=\"354\"><strong data-start=\"303\" data-end=\"354\">L\u2019autonomie repens\u00e9e pour les longues distances<\/strong><\/p>\n<p style=\"text-align: center;\" data-start=\"356\" data-end=\"507\">Le maillot <strong>HYDRORUSH<\/strong> incarne la vision d\u2019Otha : proposer des solutions techniques concr\u00e8tes pour repousser les limites du confort et de la performance.<\/p>\n<p style=\"text-align: center;\" data-start=\"509\" data-end=\"782\">Pens\u00e9 pour le gravel, l\u2019ultra-distance ou le bikepacking, il int\u00e8gre une poche dorsale con\u00e7ue pour accueillir une poche \u00e0 eau.<br data-start=\"635\" data-end=\"638\" \/>Une solution qui permet de rouler en autonomie, sans recourir \u00e0 un sac \u00e0 dos, tout en conservant la libert\u00e9 de mouvement d\u2019un maillot classique.<\/p>\n<p style=\"text-align: center;\" data-start=\"784\" data-end=\"1049\">Sa construction technique assure un \u00e9quilibre pr\u00e9cis entre respirabilit\u00e9 et maintien.<br data-start=\"869\" data-end=\"872\" \/>Les zones ventil\u00e9es favorisent l\u2019\u00e9vacuation de la chaleur, tandis que la structure du dos stabilise la charge pour garantir un confort durable, m\u00eame lorsque la poche est pleine.<\/p>\n<p style=\"text-align: center;\" data-start=\"1051\" data-end=\"1202\">La coupe ajust\u00e9e, les finitions \u00e9pur\u00e9es et les mat\u00e9riaux s\u00e9lectionn\u00e9s permettent de conserver une sensation de l\u00e9g\u00e8ret\u00e9 et de fluidit\u00e9 \u00e0 chaque sortie.<\/p>\n<p style=\"text-align: center;\" data-start=\"1204\" data-end=\"1294\">Le <strong>HYDRORUSH<\/strong> s\u2019adresse \u00e0 ceux qui veulent aller plus loin, plus longtemps, sans compromis.<\/p>\n<\/div>\n<\/div>","protected":false},"excerpt":{"rendered":"<p><a href=\"https:\/\/www.otha.fr\/wp-content\/uploads\/2025\/11\/Fichier-1@4x-10023.png\"><img decoding=\"async\" class=\"alignnone wp-image-3983\" src=\"https:\/\/www.otha.fr\/wp-content\/uploads\/2025\/11\/Fichier-1@4x-10023.png\" alt=\"\" width=\"140\" height=\"17\" srcset=\"https:\/\/www.otha.fr\/wp-content\/uploads\/2025\/11\/Fichier-1@4x-10023.png 762w, https:\/\/www.otha.fr\/wp-content\/uploads\/2025\/11\/Fichier-1@4x-10023-300x36.png 300w, https:\/\/www.otha.fr\/wp-content\/uploads\/2025\/11\/Fichier-1@4x-10023-18x2.png 18w, https:\/\/www.otha.fr\/wp-content\/uploads\/2025\/11\/Fichier-1@4x-10023-750x90.png 750w\" sizes=\"(max-width: 140px) 100vw, 140px\" \/><\/a><\/p>\n<p>Maillot technique int\u00e9grant un syst\u00e8me de poche \u00e0 eau pour rouler en autonomie.<br data-start=\"351\" data-end=\"354\" \/>Con\u00e7u pour les longues distances et les conditions exigeantes, il allie performance, stabilit\u00e9 et fonctionnalit\u00e9.<\/p>\n<p><em>Poche d&#8217;eau non incluse<\/em><\/p>","protected":false},"featured_media":6115,"comment_status":"open","ping_status":"closed","template":"","meta":{"_acf_changed":false},"product_brand":[],"product_cat":[47,42],"product_tag":[52],"class_list":{"0":"post-3982","1":"product","2":"type-product","3":"status-publish","4":"has-post-thumbnail","6":"product_cat-cyclisme","7":"product_cat-maillots","8":"product_tag-personnalisable","9":"otha-is-customizable","11":"first","12":"instock","13":"taxable","14":"shipping-taxable","15":"purchasable","16":"product-type-variable","17":"has-default-attributes"},"acf":[],"_links":{"self":[{"href":"https:\/\/www.otha.fr\/en\/wp-json\/wp\/v2\/product\/3982","targetHints":{"allow":["GET"]}}],"collection":[{"href":"https:\/\/www.otha.fr\/en\/wp-json\/wp\/v2\/product"}],"about":[{"href":"https:\/\/www.otha.fr\/en\/wp-json\/wp\/v2\/types\/product"}],"replies":[{"embeddable":true,"href":"https:\/\/www.otha.fr\/en\/wp-json\/wp\/v2\/comments?post=3982"}],"version-history":[{"count":15,"href":"https:\/\/www.otha.fr\/en\/wp-json\/wp\/v2\/product\/3982\/revisions"}],"predecessor-version":[{"id":6414,"href":"https:\/\/www.otha.fr\/en\/wp-json\/wp\/v2\/product\/3982\/revisions\/6414"}],"wp:featuredmedia":[{"embeddable":true,"href":"https:\/\/www.otha.fr\/en\/wp-json\/wp\/v2\/media\/6115"}],"wp:attachment":[{"href":"https:\/\/www.otha.fr\/en\/wp-json\/wp\/v2\/media?parent=3982"}],"wp:term":[{"taxonomy":"product_brand","embeddable":true,"href":"https:\/\/www.otha.fr\/en\/wp-json\/wp\/v2\/product_brand?post=3982"},{"taxonomy":"product_cat","embeddable":true,"href":"https:\/\/www.otha.fr\/en\/wp-json\/wp\/v2\/product_cat?post=3982"},{"taxonomy":"product_tag","embeddable":true,"href":"https:\/\/www.otha.fr\/en\/wp-json\/wp\/v2\/product_tag?post=3982"}],"curies":[{"name":"wp","href":"https:\/\/api.w.org\/{rel}","templated":true}]}}