{"id":2463,"date":"2025-10-15T08:01:29","date_gmt":"2025-10-15T06:01:29","guid":{"rendered":"https:\/\/www.otha.fr\/?post_type=product&#038;p=2463"},"modified":"2026-03-27T12:35:46","modified_gmt":"2026-03-27T11:35:46","slug":"maillot-court-light-airfit","status":"publish","type":"product","link":"https:\/\/www.otha.fr\/en\/product\/maillot-court-light-airfit\/","title":{"rendered":"MAILLOT COURT LIGHT \u2013 AIRFIT"},"content":{"rendered":"<div style=\"display: flex; flex-wrap: wrap; gap: 40px; align-items: flex-start; justify-content: space-between;\">\n<p><!-- Colonne de gauche : description --><\/p>\n<div style=\"flex: 1; min-width: 280px;\">\n<p style=\"text-align: center;\" data-start=\"401\" data-end=\"447\"><strong data-start=\"401\" data-end=\"447\">La respirabilit\u00e9 au c\u0153ur de la performance<\/strong><\/p>\n<p style=\"text-align: center;\" data-start=\"449\" data-end=\"568\">Le maillot <strong>AIRFIT<\/strong> a \u00e9t\u00e9 con\u00e7u pour offrir une ventilation optimale lors des sorties estivales et des efforts prolong\u00e9s.<\/p>\n<p style=\"text-align: center;\" data-start=\"570\" data-end=\"855\">Son tissu principal l\u00e9ger favorise la circulation de l\u2019air et limite l\u2019accumulation de chaleur.<br data-start=\"665\" data-end=\"668\" \/>Le dos, plus respirant et l\u00e9g\u00e8rement plus couvrant, permet une bonne \u00e9vacuation de la transpiration tout en apportant une protection suppl\u00e9mentaire lors des longues expositions au soleil.<\/p>\n<p style=\"text-align: center;\" data-start=\"857\" data-end=\"973\">Les manches, r\u00e9alis\u00e9es dans un tissu lisse et extensible, assurent un ajustement confortable et une finition propre.<\/p>\n<p style=\"text-align: center;\" data-start=\"975\" data-end=\"1106\">La coupe ajust\u00e9e associ\u00e9e aux finitions thermocoll\u00e9es et \u00e0 la bande de maintien garantit une excellente stabilit\u00e9 en position.<\/p>\n<p style=\"text-align: center;\" data-start=\"1108\" data-end=\"1216\">Pens\u00e9 pour rouler sous la chaleur, <strong>AIRFIT<\/strong> privil\u00e9gie la l\u00e9g\u00e8ret\u00e9, la ventilation et la libert\u00e9 de mouvement.<\/p>\n<\/div>\n<\/div>","protected":false},"excerpt":{"rendered":"<p><img decoding=\"async\" class=\"alignnone wp-image-2475\" src=\"http:\/\/www.otha.fr\/wp-content\/uploads\/2025\/10\/Fichier-3@4x-10023-300x76.png\" alt=\"\" width=\"140\" height=\"35\" srcset=\"https:\/\/www.otha.fr\/wp-content\/uploads\/2025\/10\/Fichier-3@4x-10023-300x76.png 300w, https:\/\/www.otha.fr\/wp-content\/uploads\/2025\/10\/Fichier-3@4x-10023-750x189.png 750w, https:\/\/www.otha.fr\/wp-content\/uploads\/2025\/10\/Fichier-3@4x-10023-18x5.png 18w, https:\/\/www.otha.fr\/wp-content\/uploads\/2025\/10\/Fichier-3@4x-10023.png 761w\" sizes=\"(max-width: 140px) 100vw, 140px\" \/><\/p>\n<p data-start=\"184\" data-end=\"360\">Maillot ultra respirant con\u00e7u pour les conditions chaudes et les efforts prolong\u00e9s.<br data-start=\"267\" data-end=\"270\" \/>L\u00e9ger et a\u00e9r\u00e9, il favorise l\u2019\u00e9vacuation de la chaleur pour un confort optimal sur le v\u00e9lo.<\/p>","protected":false},"featured_media":6015,"comment_status":"open","ping_status":"closed","template":"","meta":{"_acf_changed":false},"product_brand":[],"product_cat":[47,42],"product_tag":[52],"class_list":{"0":"post-2463","1":"product","2":"type-product","3":"status-publish","4":"has-post-thumbnail","6":"product_cat-cyclisme","7":"product_cat-maillots","8":"product_tag-personnalisable","9":"otha-is-customizable","11":"first","12":"instock","13":"taxable","14":"shipping-taxable","15":"purchasable","16":"product-type-variable","17":"has-default-attributes"},"acf":[],"_links":{"self":[{"href":"https:\/\/www.otha.fr\/en\/wp-json\/wp\/v2\/product\/2463","targetHints":{"allow":["GET"]}}],"collection":[{"href":"https:\/\/www.otha.fr\/en\/wp-json\/wp\/v2\/product"}],"about":[{"href":"https:\/\/www.otha.fr\/en\/wp-json\/wp\/v2\/types\/product"}],"replies":[{"embeddable":true,"href":"https:\/\/www.otha.fr\/en\/wp-json\/wp\/v2\/comments?post=2463"}],"version-history":[{"count":24,"href":"https:\/\/www.otha.fr\/en\/wp-json\/wp\/v2\/product\/2463\/revisions"}],"predecessor-version":[{"id":6332,"href":"https:\/\/www.otha.fr\/en\/wp-json\/wp\/v2\/product\/2463\/revisions\/6332"}],"wp:featuredmedia":[{"embeddable":true,"href":"https:\/\/www.otha.fr\/en\/wp-json\/wp\/v2\/media\/6015"}],"wp:attachment":[{"href":"https:\/\/www.otha.fr\/en\/wp-json\/wp\/v2\/media?parent=2463"}],"wp:term":[{"taxonomy":"product_brand","embeddable":true,"href":"https:\/\/www.otha.fr\/en\/wp-json\/wp\/v2\/product_brand?post=2463"},{"taxonomy":"product_cat","embeddable":true,"href":"https:\/\/www.otha.fr\/en\/wp-json\/wp\/v2\/product_cat?post=2463"},{"taxonomy":"product_tag","embeddable":true,"href":"https:\/\/www.otha.fr\/en\/wp-json\/wp\/v2\/product_tag?post=2463"}],"curies":[{"name":"wp","href":"https:\/\/api.w.org\/{rel}","templated":true}]}}