{"id":5271,"date":"2026-02-04T11:45:04","date_gmt":"2026-02-04T10:45:04","guid":{"rendered":"https:\/\/www.otha.fr\/?page_id=5271"},"modified":"2026-02-28T11:26:33","modified_gmt":"2026-02-28T10:26:33","slug":"galerie-de-designs","status":"publish","type":"page","link":"https:\/\/www.otha.fr\/en\/galerie-de-designs\/","title":{"rendered":"Galerie de designs"},"content":{"rendered":"<div data-elementor-type=\"wp-page\" data-elementor-id=\"5271\" class=\"elementor elementor-5271\" data-elementor-post-type=\"page\">\n\t\t\t\t<div class=\"elementor-element elementor-element-ff08224 e-con-full e-flex e-con e-parent\" data-id=\"ff08224\" data-element_type=\"container\" data-e-type=\"container\" data-settings=\"{&quot;background_background&quot;:&quot;classic&quot;}\">\n\t\t\t\t<div class=\"elementor-element elementor-element-22d4428 elementor-widget__width-inherit elementor-widget elementor-widget-heading\" data-id=\"22d4428\" data-element_type=\"widget\" data-e-type=\"widget\" data-widget_type=\"heading.default\">\n\t\t\t\t<div class=\"elementor-widget-container\">\n\t\t\t\t\t<h2 class=\"elementor-heading-title elementor-size-default\">Galerie de designs<\/h2>\t\t\t\t<\/div>\n\t\t\t\t<\/div>\n\t\t\t\t<div class=\"elementor-element elementor-element-260873a elementor-widget elementor-widget-spacer\" data-id=\"260873a\" data-element_type=\"widget\" data-e-type=\"widget\" data-widget_type=\"spacer.default\">\n\t\t\t\t<div class=\"elementor-widget-container\">\n\t\t\t\t\t\t\t<div class=\"elementor-spacer\">\n\t\t\t<div class=\"elementor-spacer-inner\"><\/div>\n\t\t<\/div>\n\t\t\t\t\t\t<\/div>\n\t\t\t\t<\/div>\n\t\t\t\t<div class=\"elementor-element elementor-element-bb0fa38 elementor-widget elementor-widget-text-editor\" data-id=\"bb0fa38\" data-element_type=\"widget\" data-e-type=\"widget\" data-widget_type=\"text-editor.default\">\n\t\t\t\t<div class=\"elementor-widget-container\">\n\t\t\t\t\t\t\t\t\t<p>Tous les designs pr\u00e9sent\u00e9s sont des cr\u00e9ations originales Otha.<br data-start=\"266\" data-end=\"269\" \/>Toute reproduction, utilisation ou diffusion sans autorisation est interdite et pourra faire l\u2019objet de poursuites judiciaires.<\/p>\t\t\t\t\t\t\t\t<\/div>\n\t\t\t\t<\/div>\n\t\t\t\t<\/div>\n\t\t<div class=\"elementor-element elementor-element-b9861b5 e-flex e-con-boxed e-con e-parent\" data-id=\"b9861b5\" data-element_type=\"container\" data-e-type=\"container\">\n\t\t\t\t\t<div class=\"e-con-inner\">\n\t\t\t\t<div class=\"elementor-element elementor-element-c4e4438 elementor-widget elementor-widget-text-editor\" data-id=\"c4e4438\" data-element_type=\"widget\" data-e-type=\"widget\" data-widget_type=\"text-editor.default\">\n\t\t\t\t<div class=\"elementor-widget-container\">\n\t\t\t\t\t\t\t\t\t<p>Cette galerie de designs a \u00e9t\u00e9 cr\u00e9\u00e9e pour vous inspirer dans la personnalisation de vos tenues Otha.<br data-start=\"311\" data-end=\"314\" \/>Chaque visuel peut servir de base graphique et \u00eatre adapt\u00e9 avec vos couleurs, ou logos.<\/p>\t\t\t\t\t\t\t\t<\/div>\n\t\t\t\t<\/div>\n\t\t\t\t<div class=\"elementor-element elementor-element-1e21ae0 elementor-widget elementor-widget-text-editor\" data-id=\"1e21ae0\" data-element_type=\"widget\" data-e-type=\"widget\" data-widget_type=\"text-editor.default\">\n\t\t\t\t<div class=\"elementor-widget-container\">\n\t\t\t\t\t\t\t\t\t<p>Lors de votre commande, merci d\u2019indiquer le code du design choisi dans la zone de personnalisation de la fiche produit.<\/p>\t\t\t\t\t\t\t\t<\/div>\n\t\t\t\t<\/div>\n\t\t\t\t\t<\/div>\n\t\t\t\t<\/div>\n\t\t<div class=\"elementor-element elementor-element-13bad39 e-con-full e-flex e-con e-parent\" data-id=\"13bad39\" data-element_type=\"container\" data-e-type=\"container\">\n\t\t\t\t<div class=\"elementor-element elementor-element-fb2bacb elementor-widget elementor-widget-heading\" data-id=\"fb2bacb\" data-element_type=\"widget\" data-e-type=\"widget\" data-widget_type=\"heading.default\">\n\t\t\t\t<div class=\"elementor-widget-container\">\n\t\t\t\t\t<h2 class=\"elementor-heading-title elementor-size-default\">CYCLISME<\/h2>\t\t\t\t<\/div>\n\t\t\t\t<\/div>\n\t\t\t\t<div class=\"elementor-element elementor-element-7c47272 elementor-arrows-position-outside elementor-pagination-position-outside elementor-widget elementor-widget-image-carousel\" data-id=\"7c47272\" data-element_type=\"widget\" data-e-type=\"widget\" data-settings=\"{&quot;slides_to_show&quot;:&quot;4&quot;,&quot;slides_to_show_tablet&quot;:&quot;2&quot;,&quot;slides_to_show_mobile&quot;:&quot;1&quot;,&quot;slides_to_scroll&quot;:&quot;1&quot;,&quot;image_spacing_custom&quot;:{&quot;unit&quot;:&quot;px&quot;,&quot;size&quot;:80,&quot;sizes&quot;:[]},&quot;navigation&quot;:&quot;both&quot;,&quot;infinite&quot;:&quot;yes&quot;,&quot;speed&quot;:500,&quot;image_spacing_custom_tablet&quot;:{&quot;unit&quot;:&quot;px&quot;,&quot;size&quot;:&quot;&quot;,&quot;sizes&quot;:[]}}\" data-widget_type=\"image-carousel.default\">\n\t\t\t\t<div class=\"elementor-widget-container\">\n\t\t\t\t\t\t\t<div class=\"elementor-image-carousel-wrapper swiper\" role=\"region\" aria-roledescription=\"carousel\" aria-label=\"Carrousel d\u2019images\" dir=\"ltr\">\n\t\t\t<div class=\"elementor-image-carousel swiper-wrapper\" aria-live=\"polite\">\n\t\t\t\t\t\t\t\t<div class=\"swiper-slide\" role=\"group\" aria-roledescription=\"slide\" aria-label=\"1 of 5\"><a data-elementor-open-lightbox=\"yes\" data-elementor-lightbox-slideshow=\"7c47272\" data-e-action-hash=\"#elementor-action%3Aaction%3Dlightbox%26settings%3DeyJpZCI6NTY0NiwidXJsIjoiaHR0cHM6XC9cL3d3dy5vdGhhLmZyXC93cC1jb250ZW50XC91cGxvYWRzXC8yMDI2XC8wMlwvR2xpdGNoLnBuZyIsInNsaWRlc2hvdyI6IjdjNDcyNzIifQ%3D%3D\" href=\"https:\/\/www.otha.fr\/wp-content\/uploads\/2026\/02\/Glitch.png\"><figure class=\"swiper-slide-inner\"><img decoding=\"async\" class=\"swiper-slide-image\" src=\"https:\/\/www.otha.fr\/wp-content\/uploads\/2026\/02\/Glitch-768x920.png\" alt=\"Code : GLT01\" \/><figcaption class=\"elementor-image-carousel-caption\">Code : GLT01<\/figcaption><\/figure><\/a><\/div><div class=\"swiper-slide\" role=\"group\" aria-roledescription=\"slide\" aria-label=\"2 of 5\"><a data-elementor-open-lightbox=\"yes\" data-elementor-lightbox-slideshow=\"7c47272\" data-e-action-hash=\"#elementor-action%3Aaction%3Dlightbox%26settings%3DeyJpZCI6NTY0NywidXJsIjoiaHR0cHM6XC9cL3d3dy5vdGhhLmZyXC93cC1jb250ZW50XC91cGxvYWRzXC8yMDI2XC8wMlwvSGFsZi5wbmciLCJzbGlkZXNob3ciOiI3YzQ3MjcyIn0%3D\" href=\"https:\/\/www.otha.fr\/wp-content\/uploads\/2026\/02\/Half.png\"><figure class=\"swiper-slide-inner\"><img decoding=\"async\" class=\"swiper-slide-image\" src=\"https:\/\/www.otha.fr\/wp-content\/uploads\/2026\/02\/Half-768x920.png\" alt=\"Code : HW01\" \/><figcaption class=\"elementor-image-carousel-caption\">Code : HW01<\/figcaption><\/figure><\/a><\/div><div class=\"swiper-slide\" role=\"group\" aria-roledescription=\"slide\" aria-label=\"3 of 5\"><a data-elementor-open-lightbox=\"yes\" data-elementor-lightbox-slideshow=\"7c47272\" data-e-action-hash=\"#elementor-action%3Aaction%3Dlightbox%26settings%3DeyJpZCI6NTY0MCwidXJsIjoiaHR0cHM6XC9cL3d3dy5vdGhhLmZyXC93cC1jb250ZW50XC91cGxvYWRzXC8yMDI2XC8wMlwvQXVzdHJhbGUtc2NhbGVkLWUxNzcyMjE3MDg4NTY0LnBuZyIsInNsaWRlc2hvdyI6IjdjNDcyNzIifQ%3D%3D\" href=\"https:\/\/www.otha.fr\/wp-content\/uploads\/2026\/02\/Australe-scaled-e1772217088564.png\"><figure class=\"swiper-slide-inner\"><img decoding=\"async\" class=\"swiper-slide-image\" src=\"https:\/\/www.otha.fr\/wp-content\/uploads\/2026\/02\/Australe-768x921.png\" alt=\"Code : AUS01\" \/><figcaption class=\"elementor-image-carousel-caption\">Code : AUS01<\/figcaption><\/figure><\/a><\/div><div class=\"swiper-slide\" role=\"group\" aria-roledescription=\"slide\" aria-label=\"4 of 5\"><a data-elementor-open-lightbox=\"yes\" data-elementor-lightbox-slideshow=\"7c47272\" data-e-action-hash=\"#elementor-action%3Aaction%3Dlightbox%26settings%3DeyJpZCI6NTY0OCwidXJsIjoiaHR0cHM6XC9cL3d3dy5vdGhhLmZyXC93cC1jb250ZW50XC91cGxvYWRzXC8yMDI2XC8wMlwvTGVtb24ucG5nIiwic2xpZGVzaG93IjoiN2M0NzI3MiJ9\" href=\"https:\/\/www.otha.fr\/wp-content\/uploads\/2026\/02\/Lemon.png\"><figure class=\"swiper-slide-inner\"><img decoding=\"async\" class=\"swiper-slide-image\" src=\"https:\/\/www.otha.fr\/wp-content\/uploads\/2026\/02\/Lemon.png\" alt=\"Code : SL01\" \/><figcaption class=\"elementor-image-carousel-caption\">Code : SL01<\/figcaption><\/figure><\/a><\/div><div class=\"swiper-slide\" role=\"group\" aria-roledescription=\"slide\" aria-label=\"5 of 5\"><a data-elementor-open-lightbox=\"yes\" data-elementor-lightbox-slideshow=\"7c47272\" data-e-action-hash=\"#elementor-action%3Aaction%3Dlightbox%26settings%3DeyJpZCI6NTY2MSwidXJsIjoiaHR0cHM6XC9cL3d3dy5vdGhhLmZyXC93cC1jb250ZW50XC91cGxvYWRzXC8yMDI2XC8wMlwvQ2FuZHkucG5nIiwic2xpZGVzaG93IjoiN2M0NzI3MiJ9\" href=\"https:\/\/www.otha.fr\/wp-content\/uploads\/2026\/02\/Candy.png\"><figure class=\"swiper-slide-inner\"><img decoding=\"async\" class=\"swiper-slide-image\" src=\"https:\/\/www.otha.fr\/wp-content\/uploads\/2026\/02\/Candy-768x920.png\" alt=\"Code : CY01\" \/><figcaption class=\"elementor-image-carousel-caption\">Code : CY01<\/figcaption><\/figure><\/a><\/div>\t\t\t<\/div>\n\t\t\t\t\t\t\t\t\t\t\t\t<div class=\"elementor-swiper-button elementor-swiper-button-prev\" role=\"button\" tabindex=\"0\">\n\t\t\t\t\t\t<svg aria-hidden=\"true\" class=\"e-font-icon-svg e-eicon-chevron-left\" viewbox=\"0 0 1000 1000\" xmlns=\"http:\/\/www.w3.org\/2000\/svg\"><path d=\"M646 125C629 125 613 133 604 142L308 442C296 454 292 471 292 487 292 504 296 521 308 533L604 854C617 867 629 875 646 875 663 875 679 871 692 858 704 846 713 829 713 812 713 796 708 779 692 767L438 487 692 225C700 217 708 204 708 187 708 171 704 154 692 142 675 129 663 125 646 125Z\"><\/path><\/svg>\t\t\t\t\t<\/div>\n\t\t\t\t\t<div class=\"elementor-swiper-button elementor-swiper-button-next\" role=\"button\" tabindex=\"0\">\n\t\t\t\t\t\t<svg aria-hidden=\"true\" class=\"e-font-icon-svg e-eicon-chevron-right\" viewbox=\"0 0 1000 1000\" xmlns=\"http:\/\/www.w3.org\/2000\/svg\"><path d=\"M696 533C708 521 713 504 713 487 713 471 708 454 696 446L400 146C388 133 375 125 354 125 338 125 325 129 313 142 300 154 292 171 292 187 292 204 296 221 308 233L563 492 304 771C292 783 288 800 288 817 288 833 296 850 308 863 321 871 338 875 354 875 371 875 388 867 400 854L696 533Z\"><\/path><\/svg>\t\t\t\t\t<\/div>\n\t\t\t\t\n\t\t\t\t\t\t\t\t\t<div class=\"swiper-pagination\"><\/div>\n\t\t\t\t\t\t\t\t\t<\/div>\n\t\t\t\t\t\t<\/div>\n\t\t\t\t<\/div>\n\t\t\t\t<div class=\"elementor-element elementor-element-9d6b46d elementor-widget-divider--view-line elementor-widget elementor-widget-divider\" data-id=\"9d6b46d\" data-element_type=\"widget\" data-e-type=\"widget\" data-widget_type=\"divider.default\">\n\t\t\t\t<div class=\"elementor-widget-container\">\n\t\t\t\t\t\t\t<div class=\"elementor-divider\">\n\t\t\t<span class=\"elementor-divider-separator\">\n\t\t\t\t\t\t<\/span>\n\t\t<\/div>\n\t\t\t\t\t\t<\/div>\n\t\t\t\t<\/div>\n\t\t\t\t<\/div>\n\t\t<div class=\"elementor-element elementor-element-36a85aa e-con-full e-flex e-con e-parent\" data-id=\"36a85aa\" data-element_type=\"container\" data-e-type=\"container\">\n\t\t\t\t<div class=\"elementor-element elementor-element-acd9770 elementor-widget elementor-widget-heading\" data-id=\"acd9770\" data-element_type=\"widget\" data-e-type=\"widget\" data-widget_type=\"heading.default\">\n\t\t\t\t<div class=\"elementor-widget-container\">\n\t\t\t\t\t<h2 class=\"elementor-heading-title elementor-size-default\">RUNNING<\/h2>\t\t\t\t<\/div>\n\t\t\t\t<\/div>\n\t\t\t\t<div class=\"elementor-element elementor-element-3628903 elementor-arrows-position-outside elementor-pagination-position-outside elementor-widget elementor-widget-image-carousel\" data-id=\"3628903\" data-element_type=\"widget\" data-e-type=\"widget\" data-settings=\"{&quot;slides_to_show&quot;:&quot;4&quot;,&quot;slides_to_show_tablet&quot;:&quot;2&quot;,&quot;slides_to_show_mobile&quot;:&quot;1&quot;,&quot;slides_to_scroll&quot;:&quot;1&quot;,&quot;image_spacing_custom&quot;:{&quot;unit&quot;:&quot;px&quot;,&quot;size&quot;:80,&quot;sizes&quot;:[]},&quot;navigation&quot;:&quot;both&quot;,&quot;infinite&quot;:&quot;yes&quot;,&quot;speed&quot;:500,&quot;image_spacing_custom_tablet&quot;:{&quot;unit&quot;:&quot;px&quot;,&quot;size&quot;:&quot;&quot;,&quot;sizes&quot;:[]}}\" data-widget_type=\"image-carousel.default\">\n\t\t\t\t<div class=\"elementor-widget-container\">\n\t\t\t\t\t\t\t<div class=\"elementor-image-carousel-wrapper swiper\" role=\"region\" aria-roledescription=\"carousel\" aria-label=\"Carrousel d\u2019images\" dir=\"ltr\">\n\t\t\t<div class=\"elementor-image-carousel swiper-wrapper\" aria-live=\"polite\">\n\t\t\t\t\t\t\t\t<div class=\"swiper-slide\" role=\"group\" aria-roledescription=\"slide\" aria-label=\"1 of 5\"><a data-elementor-open-lightbox=\"yes\" data-elementor-lightbox-slideshow=\"3628903\" data-e-action-hash=\"#elementor-action%3Aaction%3Dlightbox%26settings%3DeyJpZCI6NTY2MCwidXJsIjoiaHR0cHM6XC9cL3d3dy5vdGhhLmZyXC93cC1jb250ZW50XC91cGxvYWRzXC8yMDI2XC8wMlwvVVNBLnBuZyIsInNsaWRlc2hvdyI6IjM2Mjg5MDMifQ%3D%3D\" href=\"https:\/\/www.otha.fr\/wp-content\/uploads\/2026\/02\/USA.png\"><figure class=\"swiper-slide-inner\"><img decoding=\"async\" class=\"swiper-slide-image\" src=\"https:\/\/www.otha.fr\/wp-content\/uploads\/2026\/02\/USA-768x968.png\" alt=\"Code : US01\" \/><figcaption class=\"elementor-image-carousel-caption\">Code : US01<\/figcaption><\/figure><\/a><\/div><div class=\"swiper-slide\" role=\"group\" aria-roledescription=\"slide\" aria-label=\"2 of 5\"><a data-elementor-open-lightbox=\"yes\" data-elementor-lightbox-slideshow=\"3628903\" data-e-action-hash=\"#elementor-action%3Aaction%3Dlightbox%26settings%3DeyJpZCI6NTY2NCwidXJsIjoiaHR0cHM6XC9cL3d3dy5vdGhhLmZyXC93cC1jb250ZW50XC91cGxvYWRzXC8yMDI2XC8wMlwvTGVvcGFyZC5wbmciLCJzbGlkZXNob3ciOiIzNjI4OTAzIn0%3D\" href=\"https:\/\/www.otha.fr\/wp-content\/uploads\/2026\/02\/Leopard.png\"><figure class=\"swiper-slide-inner\"><img decoding=\"async\" class=\"swiper-slide-image\" src=\"https:\/\/www.otha.fr\/wp-content\/uploads\/2026\/02\/Leopard.png\" alt=\"Code : LEO01\" \/><figcaption class=\"elementor-image-carousel-caption\">Code : LEO01<\/figcaption><\/figure><\/a><\/div><div class=\"swiper-slide\" role=\"group\" aria-roledescription=\"slide\" aria-label=\"3 of 5\"><a data-elementor-open-lightbox=\"yes\" data-elementor-lightbox-slideshow=\"3628903\" data-e-action-hash=\"#elementor-action%3Aaction%3Dlightbox%26settings%3DeyJpZCI6NTY1OCwidXJsIjoiaHR0cHM6XC9cL3d3dy5vdGhhLmZyXC93cC1jb250ZW50XC91cGxvYWRzXC8yMDI2XC8wMlwvTGluZUZvdWlsbGkucG5nIiwic2xpZGVzaG93IjoiMzYyODkwMyJ9\" href=\"https:\/\/www.otha.fr\/wp-content\/uploads\/2026\/02\/LineFouilli.png\"><figure class=\"swiper-slide-inner\"><img decoding=\"async\" class=\"swiper-slide-image\" src=\"https:\/\/www.otha.fr\/wp-content\/uploads\/2026\/02\/LineFouilli-768x968.png\" alt=\"Code : LF01\" \/><figcaption class=\"elementor-image-carousel-caption\">Code : LF01<\/figcaption><\/figure><\/a><\/div><div class=\"swiper-slide\" role=\"group\" aria-roledescription=\"slide\" aria-label=\"4 of 5\"><a data-elementor-open-lightbox=\"yes\" data-elementor-lightbox-slideshow=\"3628903\" data-e-action-hash=\"#elementor-action%3Aaction%3Dlightbox%26settings%3DeyJpZCI6NTY2MiwidXJsIjoiaHR0cHM6XC9cL3d3dy5vdGhhLmZyXC93cC1jb250ZW50XC91cGxvYWRzXC8yMDI2XC8wMlwvQXF1YXJlbC5wbmciLCJzbGlkZXNob3ciOiIzNjI4OTAzIn0%3D\" href=\"https:\/\/www.otha.fr\/wp-content\/uploads\/2026\/02\/Aquarel.png\"><figure class=\"swiper-slide-inner\"><img decoding=\"async\" class=\"swiper-slide-image\" src=\"https:\/\/www.otha.fr\/wp-content\/uploads\/2026\/02\/Aquarel-768x968.png\" alt=\"Code : AQL01\" \/><figcaption class=\"elementor-image-carousel-caption\">Code : AQL01<\/figcaption><\/figure><\/a><\/div><div class=\"swiper-slide\" role=\"group\" aria-roledescription=\"slide\" aria-label=\"5 of 5\"><a data-elementor-open-lightbox=\"yes\" data-elementor-lightbox-slideshow=\"3628903\" data-e-action-hash=\"#elementor-action%3Aaction%3Dlightbox%26settings%3DeyJpZCI6NTY2MywidXJsIjoiaHR0cHM6XC9cL3d3dy5vdGhhLmZyXC93cC1jb250ZW50XC91cGxvYWRzXC8yMDI2XC8wMlwvU2VsZWNjaW9uLnBuZyIsInNsaWRlc2hvdyI6IjM2Mjg5MDMifQ%3D%3D\" href=\"https:\/\/www.otha.fr\/wp-content\/uploads\/2026\/02\/Seleccion.png\"><figure class=\"swiper-slide-inner\"><img decoding=\"async\" class=\"swiper-slide-image\" src=\"https:\/\/www.otha.fr\/wp-content\/uploads\/2026\/02\/Seleccion-768x968.png\" alt=\"Code : SN01\" \/><figcaption class=\"elementor-image-carousel-caption\">Code : SN01<\/figcaption><\/figure><\/a><\/div>\t\t\t<\/div>\n\t\t\t\t\t\t\t\t\t\t\t\t<div class=\"elementor-swiper-button elementor-swiper-button-prev\" role=\"button\" tabindex=\"0\">\n\t\t\t\t\t\t<svg aria-hidden=\"true\" class=\"e-font-icon-svg e-eicon-chevron-left\" viewbox=\"0 0 1000 1000\" xmlns=\"http:\/\/www.w3.org\/2000\/svg\"><path d=\"M646 125C629 125 613 133 604 142L308 442C296 454 292 471 292 487 292 504 296 521 308 533L604 854C617 867 629 875 646 875 663 875 679 871 692 858 704 846 713 829 713 812 713 796 708 779 692 767L438 487 692 225C700 217 708 204 708 187 708 171 704 154 692 142 675 129 663 125 646 125Z\"><\/path><\/svg>\t\t\t\t\t<\/div>\n\t\t\t\t\t<div class=\"elementor-swiper-button elementor-swiper-button-next\" role=\"button\" tabindex=\"0\">\n\t\t\t\t\t\t<svg aria-hidden=\"true\" class=\"e-font-icon-svg e-eicon-chevron-right\" viewbox=\"0 0 1000 1000\" xmlns=\"http:\/\/www.w3.org\/2000\/svg\"><path d=\"M696 533C708 521 713 504 713 487 713 471 708 454 696 446L400 146C388 133 375 125 354 125 338 125 325 129 313 142 300 154 292 171 292 187 292 204 296 221 308 233L563 492 304 771C292 783 288 800 288 817 288 833 296 850 308 863 321 871 338 875 354 875 371 875 388 867 400 854L696 533Z\"><\/path><\/svg>\t\t\t\t\t<\/div>\n\t\t\t\t\n\t\t\t\t\t\t\t\t\t<div class=\"swiper-pagination\"><\/div>\n\t\t\t\t\t\t\t\t\t<\/div>\n\t\t\t\t\t\t<\/div>\n\t\t\t\t<\/div>\n\t\t\t\t<\/div>\n\t\t<div class=\"elementor-element elementor-element-c586d03 e-flex e-con-boxed e-con e-parent\" data-id=\"c586d03\" data-element_type=\"container\" data-e-type=\"container\" data-settings=\"{&quot;background_background&quot;:&quot;classic&quot;}\">\n\t\t\t\t\t<div class=\"e-con-inner\">\n\t\t\t\t<div class=\"elementor-element elementor-element-62dd931 elementor-widget elementor-widget-image\" data-id=\"62dd931\" data-element_type=\"widget\" data-e-type=\"widget\" data-widget_type=\"image.default\">\n\t\t\t\t<div class=\"elementor-widget-container\">\n\t\t\t\t\t\t\t\t\t\t\t\t\t\t\t\t<a href=\"https:\/\/www.otha.fr\/en\/otha-creative-studio\/\">\n\t\t\t\t\t\t\t<img fetchpriority=\"high\" decoding=\"async\" width=\"1500\" height=\"263\" src=\"https:\/\/www.otha.fr\/wp-content\/uploads\/2025\/10\/Otha-creative-studio.png\" class=\"attachment-full size-full wp-image-2023\" alt=\"\" srcset=\"https:\/\/www.otha.fr\/wp-content\/uploads\/2025\/10\/Otha-creative-studio.png 1500w, https:\/\/www.otha.fr\/wp-content\/uploads\/2025\/10\/Otha-creative-studio-750x132.png 750w, https:\/\/www.otha.fr\/wp-content\/uploads\/2025\/10\/Otha-creative-studio-300x53.png 300w, https:\/\/www.otha.fr\/wp-content\/uploads\/2025\/10\/Otha-creative-studio-1024x180.png 1024w, https:\/\/www.otha.fr\/wp-content\/uploads\/2025\/10\/Otha-creative-studio-768x135.png 768w\" sizes=\"(max-width: 1500px) 100vw, 1500px\" \/>\t\t\t\t\t\t\t\t<\/a>\n\t\t\t\t\t\t\t\t\t\t\t\t\t\t\t<\/div>\n\t\t\t\t<\/div>\n\t\t\t\t<div class=\"elementor-element elementor-element-3bd0d74 elementor-widget elementor-widget-text-editor\" data-id=\"3bd0d74\" data-element_type=\"widget\" data-e-type=\"widget\" data-widget_type=\"text-editor.default\">\n\t\t\t\t<div class=\"elementor-widget-container\">\n\t\t\t\t\t\t\t\t\t<blockquote data-start=\"420\" data-end=\"570\"><p data-start=\"422\" data-end=\"570\">Vous souhaitez un design enti\u00e8rement sur mesure ?<br data-start=\"471\" data-end=\"474\" \/>Otha Creative Studio vous accompagne dans la cr\u00e9ation d\u2019une tenue unique, 100 % personnalis\u00e9e.<\/p><\/blockquote>\t\t\t\t\t\t\t\t<\/div>\n\t\t\t\t<\/div>\n\t\t\t\t<div class=\"elementor-element elementor-element-f3e76d1 elementor-align-center elementor-widget elementor-widget-button\" data-id=\"f3e76d1\" data-element_type=\"widget\" data-e-type=\"widget\" data-widget_type=\"button.default\">\n\t\t\t\t<div class=\"elementor-widget-container\">\n\t\t\t\t\t\t\t\t\t<div class=\"elementor-button-wrapper\">\n\t\t\t\t\t<a class=\"elementor-button elementor-button-link elementor-size-sm\" href=\"https:\/\/www.otha.fr\/en\/otha-creative-studio\/\" target=\"_blank\">\n\t\t\t\t\t\t<span class=\"elementor-button-content-wrapper\">\n\t\t\t\t\t\t\t\t\t<span class=\"elementor-button-text\">Cliquez ici<\/span>\n\t\t\t\t\t<\/span>\n\t\t\t\t\t<\/a>\n\t\t\t\t<\/div>\n\t\t\t\t\t\t\t\t<\/div>\n\t\t\t\t<\/div>\n\t\t\t\t\t<\/div>\n\t\t\t\t<\/div>\n\t\t\t\t<\/div>","protected":false},"excerpt":{"rendered":"<p>Galerie de designs Tous les designs pr\u00e9sent\u00e9s sont des cr\u00e9ations originales Otha.Toute reproduction, utilisation ou diffusion sans autorisation est interdite et pourra faire l\u2019objet de poursuites judiciaires. Cette galerie de designs a \u00e9t\u00e9 cr\u00e9\u00e9e pour vous inspirer dans la personnalisation de vos tenues Otha.Chaque visuel peut servir de base graphique et \u00eatre adapt\u00e9 avec vos [&hellip;]<\/p>\n","protected":false},"author":1,"featured_media":0,"parent":0,"menu_order":0,"comment_status":"closed","ping_status":"closed","template":"elementor_header_footer","meta":{"_acf_changed":false,"footnotes":""},"class_list":["post-5271","page","type-page","status-publish","hentry"],"acf":[],"_links":{"self":[{"href":"https:\/\/www.otha.fr\/en\/wp-json\/wp\/v2\/pages\/5271","targetHints":{"allow":["GET"]}}],"collection":[{"href":"https:\/\/www.otha.fr\/en\/wp-json\/wp\/v2\/pages"}],"about":[{"href":"https:\/\/www.otha.fr\/en\/wp-json\/wp\/v2\/types\/page"}],"author":[{"embeddable":true,"href":"https:\/\/www.otha.fr\/en\/wp-json\/wp\/v2\/users\/1"}],"replies":[{"embeddable":true,"href":"https:\/\/www.otha.fr\/en\/wp-json\/wp\/v2\/comments?post=5271"}],"version-history":[{"count":103,"href":"https:\/\/www.otha.fr\/en\/wp-json\/wp\/v2\/pages\/5271\/revisions"}],"predecessor-version":[{"id":5680,"href":"https:\/\/www.otha.fr\/en\/wp-json\/wp\/v2\/pages\/5271\/revisions\/5680"}],"wp:attachment":[{"href":"https:\/\/www.otha.fr\/en\/wp-json\/wp\/v2\/media?parent=5271"}],"curies":[{"name":"wp","href":"https:\/\/api.w.org\/{rel}","templated":true}]}}