{"id":3,"date":"2025-03-15T09:41:09","date_gmt":"2025-03-15T08:41:09","guid":{"rendered":"http:\/\/www.otha.fr\/?page_id=3"},"modified":"2025-10-30T16:21:30","modified_gmt":"2025-10-30T15:21:30","slug":"politique-de-confidentialite","status":"publish","type":"page","link":"https:\/\/www.otha.fr\/en\/politique-de-confidentialite\/","title":{"rendered":"Privacy Policy"},"content":{"rendered":"<h2 class=\"wp-block-heading has-text-align-center\">Qui sommes-nous ?<\/h2>\n\n\n\n<p class=\"has-text-align-center\">L\u2019adresse de notre site est : <a class=\"\" href=\"https:\/\/www.otha.fr\/en\/\">https:\/\/www.otha.fr<\/a>.<br>La marque Otha est actuellement en cours de cr\u00e9ation.<\/p>\n\n\n\n<h3 class=\"wp-block-heading\">Commentaires<\/h3>\n\n\n\n<p class=\"has-text-align-center\">Lorsque vous laissez un commentaire sur notre site, nous collectons les donn\u00e9es saisies dans le formulaire, votre adresse IP et les informations de votre navigateur, afin de nous aider \u00e0 d\u00e9tecter les commentaires ind\u00e9sirables.<\/p>\n\n\n\n<p class=\"has-text-align-center\">Une cha\u00eene anonymis\u00e9e (hash) peut \u00eatre transmise au service Gravatar pour v\u00e9rifier si vous l\u2019utilisez. La politique de confidentialit\u00e9 de Gravatar est disponible ici : <a class=\"\" href=\"https:\/\/automattic.com\/privacy\/\">https:\/\/automattic.com\/privacy\/<\/a>.<br>Apr\u00e8s validation, votre photo de profil sera visible publiquement \u00e0 c\u00f4t\u00e9 de votre commentaire.<\/p>\n\n\n\n<h3 class=\"wp-block-heading\">M\u00e9dias<\/h3>\n\n\n\n<p class=\"has-text-align-center\">Si vous t\u00e9l\u00e9versez des images sur le site, nous vous conseillons de ne pas inclure de donn\u00e9es EXIF de localisation. Les visiteurs pourraient extraire ces donn\u00e9es.<\/p>\n\n\n\n<h3 class=\"wp-block-heading\">Cookies<\/h3>\n\n\n\n<ul class=\"wp-block-list\">\n<li>Si vous laissez un commentaire, il vous sera propos\u00e9 d\u2019enregistrer vos nom, e-mail et site dans des cookies pour plus de confort. Ces cookies expirent au bout d\u2019un an.<\/li>\n\n\n\n<li>Lors de la visite de la page de connexion, un cookie temporaire est g\u00e9n\u00e9r\u00e9 pour d\u00e9tecter si votre navigateur accepte les cookies. Il est supprim\u00e9 \u00e0 la fermeture du navigateur.<\/li>\n\n\n\n<li>Lors de la connexion, plusieurs cookies sont install\u00e9s pour g\u00e9rer vos informations de session. Leur dur\u00e9e de vie varie de deux jours \u00e0 deux semaines.<\/li>\n\n\n\n<li>Si vous \u00e9ditez ou publiez du contenu, un cookie suppl\u00e9mentaire sera enregistr\u00e9 (valable 1 jour).<\/li>\n<\/ul>\n\n\n\n<h3 class=\"wp-block-heading\">Contenus embarqu\u00e9s depuis d\u2019autres sites<\/h3>\n\n\n\n<p class=\"has-text-align-left\">Les articles de ce site peuvent inclure des contenus int\u00e9gr\u00e9s (vid\u00e9os, images, etc.). Ces contenus se comportent comme si le visiteur \u00e9tait sur le site tiers.<br>Ces sites peuvent collecter des donn\u00e9es, utiliser des cookies et suivre vos interactions si vous avez un compte chez eux.<\/p>\n\n\n\n<h3 class=\"wp-block-heading\">Formulaires d\u2019inscription \u00e0 la newsletter<\/h3>\n\n\n\n<p class=\"has-text-align-left\">Lorsque vous vous inscrivez \u00e0 notre newsletter via MailPoet, nous collectons uniquement les donn\u00e9es saisies dans le formulaire (nom et adresse e-mail).<br>Ces donn\u00e9es sont utilis\u00e9es uniquement pour l\u2019envoi d\u2019e-mails li\u00e9s \u00e0 l\u2019actualit\u00e9 de la marque Otha.<\/p>\n\n\n\n<h3 class=\"wp-block-heading\">Utilisation et transmission de vos donn\u00e9es personnelles<\/h3>\n\n\n\n<p class=\"has-text-align-left\">Si vous demandez une r\u00e9initialisation de mot de passe, votre adresse IP sera incluse dans l\u2019e-mail de r\u00e9initialisation.<\/p>\n\n\n\n<h3 class=\"wp-block-heading\">Dur\u00e9e de conservation de vos donn\u00e9es<\/h3>\n\n\n\n<ul class=\"wp-block-list\">\n<li>Les commentaires et leurs m\u00e9tadonn\u00e9es sont conserv\u00e9s ind\u00e9finiment.<\/li>\n\n\n\n<li>Pour les comptes cr\u00e9\u00e9s sur le site, les donn\u00e9es sont modifiables et consultables \u00e0 tout moment.<\/li>\n<\/ul>\n\n\n\n<h3 class=\"wp-block-heading\">Vos droits sur vos donn\u00e9es<\/h3>\n\n\n\n<p>Vous pouvez demander :<\/p>\n\n\n\n<ul class=\"wp-block-list\">\n<li>un fichier contenant toutes vos donn\u00e9es personnelles stock\u00e9es,<\/li>\n\n\n\n<li>la suppression de vos donn\u00e9es personnelles.<\/li>\n<\/ul>\n\n\n\n<p>Cela n&#8217;inclut pas les donn\u00e9es conserv\u00e9es \u00e0 des fins administratives, l\u00e9gales ou de s\u00e9curit\u00e9.<\/p>\n\n\n\n<h3 class=\"wp-block-heading\">O\u00f9 vos donn\u00e9es sont envoy\u00e9es<\/h3>\n\n\n\n<p>Les commentaires peuvent \u00eatre v\u00e9rifi\u00e9s par un service automatique de d\u00e9tection des spams.<\/p>\n\n\n\n<p><\/p>","protected":false},"excerpt":{"rendered":"<p>Qui sommes-nous ? L\u2019adresse de notre site est : https:\/\/www.otha.fr.La marque Otha est actuellement en cours de cr\u00e9ation. Commentaires Lorsque vous laissez un commentaire sur notre site, nous collectons les donn\u00e9es saisies dans le formulaire, votre adresse IP et les informations de votre navigateur, afin de nous aider \u00e0 d\u00e9tecter les commentaires ind\u00e9sirables. Une cha\u00eene [&hellip;]<\/p>\n","protected":false},"author":1,"featured_media":0,"parent":0,"menu_order":0,"comment_status":"closed","ping_status":"open","template":"elementor_canvas","meta":{"_acf_changed":false,"footnotes":""},"class_list":["post-3","page","type-page","status-publish","hentry"],"acf":[],"_links":{"self":[{"href":"https:\/\/www.otha.fr\/en\/wp-json\/wp\/v2\/pages\/3","targetHints":{"allow":["GET"]}}],"collection":[{"href":"https:\/\/www.otha.fr\/en\/wp-json\/wp\/v2\/pages"}],"about":[{"href":"https:\/\/www.otha.fr\/en\/wp-json\/wp\/v2\/types\/page"}],"author":[{"embeddable":true,"href":"https:\/\/www.otha.fr\/en\/wp-json\/wp\/v2\/users\/1"}],"replies":[{"embeddable":true,"href":"https:\/\/www.otha.fr\/en\/wp-json\/wp\/v2\/comments?post=3"}],"version-history":[{"count":5,"href":"https:\/\/www.otha.fr\/en\/wp-json\/wp\/v2\/pages\/3\/revisions"}],"predecessor-version":[{"id":3726,"href":"https:\/\/www.otha.fr\/en\/wp-json\/wp\/v2\/pages\/3\/revisions\/3726"}],"wp:attachment":[{"href":"https:\/\/www.otha.fr\/en\/wp-json\/wp\/v2\/media?parent=3"}],"curies":[{"name":"wp","href":"https:\/\/api.w.org\/{rel}","templated":true}]}}