{"id":1833,"date":"2025-10-10T08:10:14","date_gmt":"2025-10-10T06:10:14","guid":{"rendered":"https:\/\/www.otha.fr\/?page_id=1833"},"modified":"2025-10-10T09:38:54","modified_gmt":"2025-10-10T07:38:54","slug":"mentions-legales","status":"publish","type":"page","link":"https:\/\/www.otha.fr\/en\/mentions-legales\/","title":{"rendered":"Legal Notice"},"content":{"rendered":"<div data-elementor-type=\"wp-page\" data-elementor-id=\"1833\" class=\"elementor elementor-1833\" data-elementor-post-type=\"page\">\n\t\t\t\t<div class=\"elementor-element elementor-element-9cfb605 e-flex e-con-boxed e-con e-parent\" data-id=\"9cfb605\" data-element_type=\"container\" data-e-type=\"container\">\n\t\t\t\t\t<div class=\"e-con-inner\">\n\t\t\t\t<div class=\"elementor-element elementor-element-1980408 elementor-widget elementor-widget-spacer\" data-id=\"1980408\" data-element_type=\"widget\" data-e-type=\"widget\" data-widget_type=\"spacer.default\">\n\t\t\t\t<div class=\"elementor-widget-container\">\n\t\t\t\t\t\t\t<div class=\"elementor-spacer\">\n\t\t\t<div class=\"elementor-spacer-inner\"><\/div>\n\t\t<\/div>\n\t\t\t\t\t\t<\/div>\n\t\t\t\t<\/div>\n\t\t\t\t<div class=\"elementor-element elementor-element-4d69455 elementor-widget elementor-widget-text-editor\" data-id=\"4d69455\" data-element_type=\"widget\" data-e-type=\"widget\" data-widget_type=\"text-editor.default\">\n\t\t\t\t<div class=\"elementor-widget-container\">\n\t\t\t\t\t\t\t\t\t<p data-start=\"441\" data-end=\"778\">Conform\u00e9ment aux dispositions des articles 6-III et 19 de la <strong data-start=\"502\" data-end=\"587\">Loi n\u00b02004-575 du 21 juin 2004 pour la confiance dans l\u2019\u00e9conomie num\u00e9rique (LCEN)<\/strong>, ainsi qu\u2019\u00e0 la <strong data-start=\"603\" data-end=\"692\">Loi n\u00b078-17 du 6 janvier 1978 relative \u00e0 l\u2019informatique, aux fichiers et aux libert\u00e9s<\/strong>, il est pr\u00e9cis\u00e9 aux utilisateurs du site <strong data-start=\"734\" data-end=\"749\"><a class=\"decorated-link\" href=\"http:\/\/www.otha.fr\/en\/\" target=\"_new\" rel=\"noopener\" data-start=\"736\" data-end=\"747\">www.otha.fr<\/a><\/strong> les informations suivantes :<\/p><hr data-start=\"780\" data-end=\"783\" \/><h3 data-start=\"785\" data-end=\"811\"><strong data-start=\"789\" data-end=\"811\">1. \u00c9diteur du site<\/strong><\/h3><p data-start=\"812\" data-end=\"1149\"><strong data-start=\"812\" data-end=\"829\">Nom du site :<\/strong> otha.fr<br data-start=\"837\" data-end=\"840\" \/><strong data-start=\"840\" data-end=\"869\">Nom commercial \/ Marque :<\/strong> Otha<br data-start=\"874\" data-end=\"877\" \/><strong data-start=\"877\" data-end=\"899\">Statut juridique :<\/strong> soci\u00e9t\u00e9 en cours de cr\u00e9ation<br data-start=\"928\" data-end=\"931\" \/><strong data-start=\"931\" data-end=\"942\">SIRET :<\/strong> non attribu\u00e9 (entreprise non encore immatricul\u00e9e)<br data-start=\"992\" data-end=\"995\" \/><strong data-start=\"995\" data-end=\"1028\">Directeur de la publication :<\/strong> Anthony Br\u00e9bant<br data-start=\"1044\" data-end=\"1047\" \/><strong data-start=\"1047\" data-end=\"1082\">Adresse du si\u00e8ge (provisoire) :<\/strong> en cours de d\u00e9finition<br data-start=\"1105\" data-end=\"1108\" \/><strong data-start=\"1108\" data-end=\"1121\">Contact :<\/strong> \ud83d\udce7 <strong data-start=\"1125\" data-end=\"1149\"><a class=\"decorated-link cursor-pointer\" rel=\"noopener\" data-start=\"1127\" data-end=\"1147\">otha.sport@gmail.com<\/a><\/strong><\/p><hr data-start=\"1151\" data-end=\"1154\" \/><h3 data-start=\"1156\" data-end=\"1176\"><strong data-start=\"1160\" data-end=\"1176\">2. H\u00e9bergeur<\/strong><\/h3><p data-start=\"1177\" data-end=\"1282\"><strong data-start=\"1177\" data-end=\"1188\">OVH SAS<\/strong><br data-start=\"1188\" data-end=\"1191\" \/>2 rue Kellermann \u2013 59100 Roubaix \u2013 France<br data-start=\"1232\" data-end=\"1235\" \/>\ud83d\udcde 1007<br data-start=\"1242\" data-end=\"1245\" \/>\ud83c\udf10 <a class=\"decorated-link\" href=\"https:\/\/www.ovh.com\" target=\"_new\" rel=\"noopener\" data-start=\"1248\" data-end=\"1282\">www.ovh.com<\/a><\/p><hr data-start=\"1284\" data-end=\"1287\" \/><h3 data-start=\"1289\" data-end=\"1324\"><strong data-start=\"1293\" data-end=\"1324\">3. Propri\u00e9t\u00e9 intellectuelle<\/strong><\/h3><p data-start=\"1325\" data-end=\"1574\">L\u2019ensemble du contenu du site <strong data-start=\"1355\" data-end=\"1370\"><a class=\"decorated-link\" href=\"http:\/\/www.otha.fr\/en\/\" target=\"_new\" rel=\"noopener\" data-start=\"1357\" data-end=\"1368\">www.otha.fr<\/a><\/strong>, incluant (de mani\u00e8re non limitative) les textes, images, illustrations, logos, marques, photographies, vid\u00e9os et \u00e9l\u00e9ments graphiques, est prot\u00e9g\u00e9 par le <strong data-start=\"1525\" data-end=\"1543\">droit d\u2019auteur<\/strong> et le <strong data-start=\"1550\" data-end=\"1571\">droit des marques<\/strong>.<\/p><p data-start=\"1576\" data-end=\"1910\">Ces contenus sont la propri\u00e9t\u00e9 exclusive de <strong data-start=\"1620\" data-end=\"1628\">Otha<\/strong>, sauf mention contraire.<br data-start=\"1653\" data-end=\"1656\" \/>Toute reproduction, distribution, modification ou utilisation, totale ou partielle, sans autorisation \u00e9crite pr\u00e9alable est strictement interdite et constitue une contrefa\u00e7on au sens des articles L.335-2 et suivants du Code de la propri\u00e9t\u00e9 intellectuelle.<\/p><hr data-start=\"1912\" data-end=\"1915\" \/><h3 data-start=\"1917\" data-end=\"1942\"><strong data-start=\"1921\" data-end=\"1942\">4. Responsabilit\u00e9<\/strong><\/h3><p data-start=\"1943\" data-end=\"2119\">Le site <strong data-start=\"1951\" data-end=\"1966\"><a class=\"decorated-link\" href=\"http:\/\/www.otha.fr\/en\/\" target=\"_new\" rel=\"noopener\" data-start=\"1953\" data-end=\"1964\">www.otha.fr<\/a><\/strong> est actuellement en phase de d\u00e9veloppement.<br data-start=\"2010\" data-end=\"2013\" \/>Les informations qu\u2019il contient sont fournies \u00e0 titre indicatif et peuvent \u00eatre modifi\u00e9es \u00e0 tout moment.<\/p><p data-start=\"2121\" data-end=\"2220\">L\u2019\u00e9diteur s\u2019efforce d\u2019assurer la fiabilit\u00e9 des informations mais ne saurait \u00eatre tenu responsable :<\/p><ul data-start=\"2221\" data-end=\"2402\"><li data-start=\"2221\" data-end=\"2268\"><p data-start=\"2223\" data-end=\"2268\">d\u2019erreurs, d\u2019omissions ou d\u2019inexactitudes ;<\/p><\/li><li data-start=\"2269\" data-end=\"2312\"><p data-start=\"2271\" data-end=\"2312\">d\u2019une interruption temporaire du site ;<\/p><\/li><li data-start=\"2313\" data-end=\"2402\"><p data-start=\"2315\" data-end=\"2402\">ou de tout dommage direct ou indirect r\u00e9sultant de l\u2019acc\u00e8s ou de l\u2019utilisation du site.<\/p><\/li><\/ul><hr data-start=\"2404\" data-end=\"2407\" \/><h3 data-start=\"2409\" data-end=\"2447\"><strong data-start=\"2413\" data-end=\"2447\">5. Donn\u00e9es personnelles (RGPD)<\/strong><\/h3><p data-start=\"2448\" data-end=\"2656\">Les donn\u00e9es collect\u00e9es via les formulaires (par exemple : inscription \u00e0 la newsletter ou formulaire de contact) sont destin\u00e9es exclusivement \u00e0 la communication d\u2019informations relatives \u00e0 la marque <strong data-start=\"2645\" data-end=\"2653\">Otha<\/strong>.<\/p><p data-start=\"2658\" data-end=\"2817\">Aucune donn\u00e9e personnelle n\u2019est collect\u00e9e sans consentement pr\u00e9alable.<br data-start=\"2728\" data-end=\"2731\" \/>Les informations transmises ne sont jamais vendues, \u00e9chang\u00e9es ou c\u00e9d\u00e9es \u00e0 des tiers.<\/p><p data-start=\"2819\" data-end=\"3062\">Conform\u00e9ment au <strong data-start=\"2835\" data-end=\"2869\">R\u00e8glement (UE) 2016\/679 (RGPD)<\/strong>, vous disposez d\u2019un droit d\u2019acc\u00e8s, de rectification, de portabilit\u00e9 et de suppression de vos donn\u00e9es.<br data-start=\"2971\" data-end=\"2974\" \/>Vous pouvez exercer ce droit \u00e0 tout moment en \u00e9crivant \u00e0 :<br data-start=\"3032\" data-end=\"3035\" \/>\ud83d\udce7 <strong data-start=\"3038\" data-end=\"3062\"><a class=\"decorated-link cursor-pointer\" rel=\"noopener\" data-start=\"3040\" data-end=\"3060\">otha.sport@gmail.com<\/a><\/strong><\/p><hr data-start=\"3064\" data-end=\"3067\" \/><h3 data-start=\"3069\" data-end=\"3087\"><strong data-start=\"3073\" data-end=\"3087\">6. Cookies<\/strong><\/h3><p data-start=\"3088\" data-end=\"3321\">Le site <strong data-start=\"3096\" data-end=\"3111\"><a class=\"decorated-link\" href=\"http:\/\/www.otha.fr\/en\/\" target=\"_new\" rel=\"noopener\" data-start=\"3098\" data-end=\"3109\">www.otha.fr<\/a><\/strong> peut utiliser des cookies destin\u00e9s \u00e0 am\u00e9liorer la navigation de l\u2019utilisateur et \u00e0 mesurer l\u2019audience.<br data-start=\"3214\" data-end=\"3217\" \/>Vous pouvez \u00e0 tout moment configurer votre navigateur pour accepter, refuser ou supprimer les cookies.<\/p><hr data-start=\"3323\" data-end=\"3326\" \/><h3 data-start=\"3328\" data-end=\"3346\"><strong data-start=\"3332\" data-end=\"3346\">7. Contact<\/strong><\/h3><p data-start=\"3347\" data-end=\"3432\">Pour toute question relative au site ou \u00e0 son contenu :<br data-start=\"3402\" data-end=\"3405\" \/>\ud83d\udce7 <strong data-start=\"3408\" data-end=\"3432\"><a class=\"decorated-link cursor-pointer\" rel=\"noopener\" data-start=\"3410\" data-end=\"3430\">otha.sport@gmail.com<\/a><\/strong><\/p>\t\t\t\t\t\t\t\t<\/div>\n\t\t\t\t<\/div>\n\t\t\t\t<div class=\"elementor-element elementor-element-1f8a4e7 elementor-widget elementor-widget-spacer\" data-id=\"1f8a4e7\" data-element_type=\"widget\" data-e-type=\"widget\" data-widget_type=\"spacer.default\">\n\t\t\t\t<div class=\"elementor-widget-container\">\n\t\t\t\t\t\t\t<div class=\"elementor-spacer\">\n\t\t\t<div class=\"elementor-spacer-inner\"><\/div>\n\t\t<\/div>\n\t\t\t\t\t\t<\/div>\n\t\t\t\t<\/div>\n\t\t\t\t<div class=\"elementor-element elementor-element-f137bbd elementor-widget elementor-widget-image\" data-id=\"f137bbd\" data-element_type=\"widget\" data-e-type=\"widget\" data-widget_type=\"image.default\">\n\t\t\t\t<div class=\"elementor-widget-container\">\n\t\t\t\t\t\t\t\t\t\t\t\t\t\t\t<img decoding=\"async\" width=\"242\" height=\"109\" src=\"https:\/\/www.otha.fr\/wp-content\/uploads\/2025\/03\/logo-haut-site.svg\" class=\"attachment-large size-large wp-image-1118\" alt=\"\" \/>\t\t\t\t\t\t\t\t\t\t\t\t\t\t\t<\/div>\n\t\t\t\t<\/div>\n\t\t\t\t<div class=\"elementor-element elementor-element-ee61ec9 elementor-widget elementor-widget-spacer\" data-id=\"ee61ec9\" data-element_type=\"widget\" data-e-type=\"widget\" data-widget_type=\"spacer.default\">\n\t\t\t\t<div class=\"elementor-widget-container\">\n\t\t\t\t\t\t\t<div class=\"elementor-spacer\">\n\t\t\t<div class=\"elementor-spacer-inner\"><\/div>\n\t\t<\/div>\n\t\t\t\t\t\t<\/div>\n\t\t\t\t<\/div>\n\t\t\t\t\t<\/div>\n\t\t\t\t<\/div>\n\t\t\t\t<\/div>","protected":false},"excerpt":{"rendered":"<p>Conform\u00e9ment aux dispositions des articles 6-III et 19 de la Loi n\u00b02004-575 du 21 juin 2004 pour la confiance dans l\u2019\u00e9conomie num\u00e9rique (LCEN), ainsi qu\u2019\u00e0 la Loi n\u00b078-17 du 6 janvier 1978 relative \u00e0 l\u2019informatique, aux fichiers et aux libert\u00e9s, il est pr\u00e9cis\u00e9 aux utilisateurs du site www.otha.fr les informations suivantes : 1. \u00c9diteur du [&hellip;]<\/p>\n","protected":false},"author":1,"featured_media":0,"parent":0,"menu_order":0,"comment_status":"closed","ping_status":"closed","template":"elementor_header_footer","meta":{"_acf_changed":false,"footnotes":""},"class_list":["post-1833","page","type-page","status-publish","hentry"],"acf":[],"_links":{"self":[{"href":"https:\/\/www.otha.fr\/en\/wp-json\/wp\/v2\/pages\/1833","targetHints":{"allow":["GET"]}}],"collection":[{"href":"https:\/\/www.otha.fr\/en\/wp-json\/wp\/v2\/pages"}],"about":[{"href":"https:\/\/www.otha.fr\/en\/wp-json\/wp\/v2\/types\/page"}],"author":[{"embeddable":true,"href":"https:\/\/www.otha.fr\/en\/wp-json\/wp\/v2\/users\/1"}],"replies":[{"embeddable":true,"href":"https:\/\/www.otha.fr\/en\/wp-json\/wp\/v2\/comments?post=1833"}],"version-history":[{"count":3,"href":"https:\/\/www.otha.fr\/en\/wp-json\/wp\/v2\/pages\/1833\/revisions"}],"predecessor-version":[{"id":1837,"href":"https:\/\/www.otha.fr\/en\/wp-json\/wp\/v2\/pages\/1833\/revisions\/1837"}],"wp:attachment":[{"href":"https:\/\/www.otha.fr\/en\/wp-json\/wp\/v2\/media?parent=1833"}],"curies":[{"name":"wp","href":"https:\/\/api.w.org\/{rel}","templated":true}]}}